{"id":2,"date":"2012-10-07T13:49:55","date_gmt":"2012-10-07T13:49:55","guid":{"rendered":"http:\/\/blog.mb-stauffia.de\/?page_id=2"},"modified":"2020-11-13T15:21:21","modified_gmt":"2020-11-13T14:21:21","slug":"beispiel-seite","status":"publish","type":"page","link":"https:\/\/blog.mb-stauffia.de\/?page_id=2","title":{"rendered":"\u00dcBER UNS"},"content":{"rendered":"<p style=\"text-align: justify;\">Die M\u00fcnchner Burschenschaft Stauffia ist eine Verbindung von deutschen Studenten, die an einer M\u00fcnchner Hochschule bzw. Fachhochschule eingeschrieben sind. Wir sind ein Freundschaftsbund auf Lebenszeit, d.h wir sind kein unverbindlicher &#8222;Club&#8220;, sondern eine Gemeinschaft von Studenten und ehemaligen Studenten, die gemeinsam durch dick und d\u00fcnn gehen. Die Basis unserer Gemeinschaft ist vor allem ideell begr\u00fcndet.<\/p>\n<p style=\"text-align: justify;\">In unseren Reihen finden sich Vertreter aller Fakult\u00e4ten, sowohl Geistes- als auch Naturwissenschaftler, vom Romanistikstudenten bis hin zu Medizinern, Historikern, Betriebswirten, Mathematikern, Chemikern und Ingenieuren etc.<\/p>\n<p style=\"text-align: justify;\">Gemeinsame Unternehmungen, wie Vergn\u00fcgungsveranstaltungen auf unserem Haus in der M\u00fcnchner Altstadt &#8211; traditionelle Kneipen oder gemeinsame Sportstunden verbinden uns und st\u00e4rken die Gemeinschaft.<\/p>\n<p style=\"text-align: justify;\">Zudem laden wir durchschnittlich einmal pro Monat einen Referenten aus Politik, Gesellschaft oder Wirtschaft ein, um unseren Horizont zu erweitern.<\/p>\n<p style=\"text-align: justify;\">Wir machen gemeinsame Ausfl\u00fcge ins Umland von M\u00fcnchen oder durch ganz Deutschland, Exkursionen, besuchen kulturelle Veranstaltungen (Theater und Oper) und pflegen alte studentische Traditionen (Kneipen, Mensurtage etc.)<\/p>\n<p style=\"text-align: justify;\">Burschenschaften unterscheiden sich von anderen Studentenverbindungen durch ihre politische Tradition. Wir sind zur Zeit der napoleonischen Freiheitskriege entstanden. Unser Ziel ist es heute, politisch selbstst\u00e4ndig denkende Menschen heranzuziehen, die in der Lage sind, f\u00fcr sich und f\u00fcr andere Verantwortung zu \u00fcbernehmen. Wir lassen uns daher von unseren Referenten nicht nur berieseln, sondern diskutieren gemeinsam mit ihnen deren und unsere Standpunkte.<\/p>\n<p style=\"text-align: justify;\">Unser Interesse ist weder parteipolitisch, noch konfessionell oder fachlich begrenzt.<\/p>\n<p style=\"text-align: justify;\">Unsere Veranstaltungen und Abende sollen anregen, \u00fcber den gew\u00f6hnlichen Horizont hinauszudenken. In unseren Grunds\u00e4tzen treten wir f\u00fcr ein einiges Europa in der Gemeinschaft freier V\u00f6lker ein!<\/p>\n<p style=\"text-align: justify;\">Ein weiterer Bestandteil unseres Bundeslebens ist das studentische Fechten als Fortf\u00fchrung einer \u00fcberlieferten Tradition. Wir sind eine Studentenverbindung, in der das Schlagen von Mensuren gef\u00f6rdert, aber jedem einzelnen Studenten freigestellt ist.<\/p>\n<p style=\"text-align: justify;\">Wer bei uns aktiv wird, ist f\u00fcr zwei Semester Fuchs. Das hei\u00dft, man wird umfassend in das Bundesleben eingef\u00fchrt und lernt die Gepflogenheiten des Corporationsstudententums kennen. Dabei ist man nat\u00fcrlich von Anfang an stimmberechtigtes, vollwertiges Mitglied bei allen Entscheidungen. Nach der Fuchsenzeit wird man Bursch und beh\u00e4lt diesen Status bei bis das Studium beendet ist und man im Berufsleben steht. Ab dem Eintritt ins Berufsleben wird man Alter Herr.<\/p>\n<p style=\"text-align: justify;\">W\u00e4hrend der ersten Semester, egal ob Fuchs oder Bursch, ist man Aktiver, d. h. man \u00fcbernimmt bestimmte Aufgaben, wie z.B. das Organisieren von Veranstaltungen. Dabei hat jeder die M\u00f6glichkeit, f\u00fcr sein sp\u00e4teres Leben wichtige Erfahrungen zu sammeln. Im Anschluss an die Aktivenzeit wird man Inaktiver, d. h. die Pflichten der Gemeinschaft gegen\u00fcber werden deutlich reduziert und man kann sich voll auf die Zeit des Hauptstudiums und des Examens konzentrieren.<\/p>\n<p style=\"text-align: justify;\">Unser Verbindungshaus liegt in der M\u00fcnchner Innenstadt, in einer Seitenstra\u00dfe der Maximilianstra\u00dfe, die Universit\u00e4t (LMU wie auch TU) ist knapp zehn Fahrradminuten entfernt.<\/p>\n<p style=\"text-align: justify;\">Unsere Zimmer (neu m\u00f6bliert) kosten 115 \u20ac pro Monat einschl. aller Nebenkosten.<\/p>\n<p style=\"text-align: justify;\">Warum macht es Sinn, in einer Burschenschaft aktiv zu werden?<\/p>\n<p style=\"text-align: justify;\">Als Student hat man ein festes Anlaufziel in der Universit\u00e4tsstadt M\u00fcnchen und einen festen Freundeskreis, der einem aufgrund der eigenen Erfahrungen behilflich ist, sich einen Weg durch den Dschungel des Studiums zu bahnen. Durch die \u00dcbernahme von Aufgaben in unserer Verbindung w\u00e4chst die F\u00e4higkeit, Verantwortung zu \u00fcbernehmen und vor einer Gruppe von Menschen frei zu sprechen. Diese Eigenschaften stellen einen wichtigen Bestandteil im Berufsleben von Fach- und F\u00fchrungskr\u00e4ften dar.<\/p>\n<p style=\"text-align: justify;\">Dar\u00fcber hinaus haben wir die M\u00f6glichkeit, \u00fcber unsere Alten Herren, also die Bundesbr\u00fcder, die bereits im Berufsleben stehen, Kontakte f\u00fcr Praktika oder den sp\u00e4teren Berufseinstieg zu kn\u00fcpfen.<\/p>\n<p style=\"text-align: justify;\">Unser Verbindungshaus steht ein Leben lang als Anlaufpunkt jedem Bundesbruder zu jeder Zeit zur Verf\u00fcgung und ist auch im h\u00f6heren Alter ein Bindeglied zu den jungen Studenten.<\/p>\n<p style=\"text-align: justify;\">In diesem Sinn freuen wir uns \u00fcber jeden Besuch und gute Gespr\u00e4che.<\/p>\n","protected":false},"excerpt":{"rendered":"<p>Die M\u00fcnchner Burschenschaft Stauffia ist eine Verbindung von deutschen Studenten, die an einer M\u00fcnchner Hochschule bzw. Fachhochschule eingeschrieben sind. Wir sind ein Freundschaftsbund auf Lebenszeit, d.h wir sind kein unverbindlicher &#8222;Club&#8220;, sondern eine Gemeinschaft von Studenten und ehemaligen Studenten, die gemeinsam durch dick und d\u00fcnn gehen. Die Basis unserer Gemeinschaft ist vor allem ideell begr\u00fcndet. [&hellip;]<\/p>\n","protected":false},"author":1,"featured_media":0,"parent":0,"menu_order":1,"comment_status":"closed","ping_status":"closed","template":"","meta":{"footnotes":""},"class_list":["post-2","page","type-page","status-publish","hentry"],"_links":{"self":[{"href":"https:\/\/blog.mb-stauffia.de\/index.php?rest_route=\/wp\/v2\/pages\/2","targetHints":{"allow":["GET"]}}],"collection":[{"href":"https:\/\/blog.mb-stauffia.de\/index.php?rest_route=\/wp\/v2\/pages"}],"about":[{"href":"https:\/\/blog.mb-stauffia.de\/index.php?rest_route=\/wp\/v2\/types\/page"}],"author":[{"embeddable":true,"href":"https:\/\/blog.mb-stauffia.de\/index.php?rest_route=\/wp\/v2\/users\/1"}],"replies":[{"embeddable":true,"href":"https:\/\/blog.mb-stauffia.de\/index.php?rest_route=%2Fwp%2Fv2%2Fcomments&post=2"}],"version-history":[{"count":11,"href":"https:\/\/blog.mb-stauffia.de\/index.php?rest_route=\/wp\/v2\/pages\/2\/revisions"}],"predecessor-version":[{"id":197,"href":"https:\/\/blog.mb-stauffia.de\/index.php?rest_route=\/wp\/v2\/pages\/2\/revisions\/197"}],"wp:attachment":[{"href":"https:\/\/blog.mb-stauffia.de\/index.php?rest_route=%2Fwp%2Fv2%2Fmedia&parent=2"}],"curies":[{"name":"wp","href":"https:\/\/api.w.org\/{rel}","templated":true}]}}